{"id":7,"date":"2018-03-02T14:22:06","date_gmt":"2018-03-02T13:22:06","guid":{"rendered":"http:\/\/zalesie.archidiecezja.wroc.pl\/new\/?page_id=7"},"modified":"2022-06-27T09:30:06","modified_gmt":"2022-06-27T07:30:06","slug":"home","status":"publish","type":"page","link":"http:\/\/zalesie.archidiecezja.wroc.pl\/?page_id=7","title":{"rendered":"Prace"},"content":{"rendered":"<p>Drodzy Parafianie, Rada Parafialna w dn. <strong>11.04.2016<\/strong> zapozna\u0142a si\u0119 z potrzeb\u0105 przeprowadzenia pilnych prac w ko\u015bciele:<\/p>\n<p>a. naprawa schod\u00f3w przed wej\u015bciem i drzwi do g\u0142\u00f3wnego wej\u015bcia ko\u015bcio\u0142a oraz wybudowanie podjazdu dla w\u00f3zk\u00f3w dzieci\u0119cych i inwalidzkich,<\/p>\n<p>b. wymiana okien na ch\u00f3rze (brak wentylacji pomieszczenia na ch\u00f3rze),<\/p>\n<p>c. wykonanie instalacji wentylacyjno-grzewczej w ko\u015bciele, kt\u00f3ra pozwoli w lecie obni\u017cy\u0107 temperatur\u0119, a w zimie ogrza\u0107 ko\u015bci\u00f3\u0142. Planowane jest wykonanie ogrzewania nawiewowego, kt\u00f3re jest ta\u0144sze w monta\u017cu i eksploatacji. Dzi\u0119ki tym pracom zlikwiduje si\u0119 problem zawilgocenia \u015bcian w ko\u015bciele i poprawi komfort przebywania w ko\u015bciele zar\u00f3wno w lecie, jak i w zimie.<\/p>\n<p>Koszt remontu szacuje si\u0119 na oko\u0142o 40 tys. z\u0142. Zwracamy si\u0119 z gor\u0105c\u0105 pro\u015bb\u0105 o wsparcie finansowe naszej wsp\u00f3lnej parafii. Bez \u015brodk\u00f3w finansowych prace te s\u0105 trudne do przeprowadzenia. Dane do przelewu ofiary (darowizny) na rzecz Parafii:<\/p>\n<p>RZYMSKO-KATOLICKA PARAFIA PW. NMP CZ\u0118STOCHOWSKIEJ<br \/>\nUL. KOCHANOWSKIEGO 11, 51 \u2013 602 WROC\u0141AW<\/p>\n<p>Nr konta: <strong>77 1090 2398 0000 0001 3250 7568<\/strong><br \/>\ntytu\u0142 przelewu: darowizna na remont ko\u015bcio\u0142a<\/p>\n<p>&nbsp;<\/p>\n<p><strong>Darowizny na cele ko\u015bcielne<\/strong><br \/>\nDarowizny przekazywane na dzia\u0142alno\u015b\u0107 ko\u015bcio\u0142\u00f3w powinno si\u0119 podzieli\u0107 na dwie zasadnicze grupy. Zar\u00f3wno jedna, jak i druga z nich pozwala na ulgi podatkowe, niemniej ich g\u00f3rna warto\u015b\u0107 zale\u017cy od rodzaju i charakteru uczynionej darowizny. Odliczenie od dochodu dotyczy wy\u0142\u0105cznie darowizn:<br \/>\n\u2022 na cele kultu religijnego (potocznie \u2013 na Ko\u015bci\u00f3\u0142),<br \/>\n\u2022 na cele charytatywno-opieku\u0144cze Ko\u015bcio\u0142a Katolickiego (lub innych ko\u015bcio\u0142\u00f3w uprawnionych na podstawie um\u00f3w).<br \/>\nDokonuj\u0105c darowizny nale\u017cy zwraca\u0107 uwag\u0119 nie tylko na to, z kt\u00f3rej z ulg podatkowych zamierza si\u0119 korzysta\u0107, ale r\u00f3wnie\u017c, czy poniesione wydatki i otrzymane darowizny zosta\u0142y prawid\u0142owo udokumentowane.,5% podatku na Ko\u015bci\u00f3\u0142<br \/>\nDarowizna na cele kultu religijnego<\/p>\n<p>Odliczenie od dochodu przys\u0142uguje w wysoko\u015bci dokonanej darowizny, nie wy\u017cej jednak ni\u017c w kwocie stanowi\u0105cej 6 % dochodu podatnika. Co wa\u017cne 6% darowizn nie mo\u017ce by\u0107 przekazane na wszystkie cele dobroczynno\u015bci liczone \u0142\u0105cznie, a zatem dla obliczenia 6% dochod\u00f3w sumuje si\u0119 darowizny na rzecz krwiodawstwa (w kwocie ekwiwalentu za oddan\u0105 krew), kultu religijnego oraz na rzecz organizacji po\u017cytku publicznego.<br \/>\nJe\u015bli \u0142\u0105cznie warto\u015b\u0107 ta przekracza 6% dochodu \u2013 odliczeniu podlega maksymalnie w\u0142a\u015bnie to 6%, nadwy\u017cka nie mo\u017ce by\u0107 odliczana. Kwota 6% dochodu dotyczy wszystkich darowizn uczynionych przez podatnika. Zatem \u0142\u0105czna warto\u015b\u0107 darowizn przekazanych na cele:<br \/>\n\u2022 okre\u015blone w art. 4 ustawy o dzia\u0142alno\u015bci po\u017cytku publicznego, organizacjom, o kt\u00f3rych mowa w art. 3 ust. 2 i 3 tej ustawy, lub r\u00f3wnowa\u017cnym organizacjom okre\u015blonym w przepisach reguluj\u0105cych dzia\u0142alno\u015b\u0107 po\u017cytku publicznego obowi\u0105zuj\u0105cych w innym ni\u017c Rzeczpospolita Polska pa\u0144stwie cz\u0142onkowskim Unii Europejskiej lub innym pa\u0144stwie nale\u017c\u0105cym do Europejskiego Obszaru Gospodarczego, prowadz\u0105cym dzia\u0142alno\u015b\u0107 po\u017cytku publicznego w sferze zada\u0144 publicznych, realizuj\u0105cym te cele, z zastrze\u017ceniem ust. 6e,<br \/>\n\u2022 kultu religijnego,<br \/>\n\u2022 krwiodawstwa realizowanego przez honorowych dawc\u00f3w krwi zgodnie z art. 6 ustawy z 1997 r. o publicznej s\u0142u\u017cbie krwi (Dz. U. Nr 106, poz. 681, z p\u00f3\u017an. zm.22), w wysoko\u015bci ekwiwalentu pieni\u0119\u017cnego za pobran\u0105 krew okre\u015blonego przepisami wydanymi na podstawie art. 11 ust. 2 tej ustawy. &#8211; nie mo\u017ce przekracza\u0107 kwoty stanowi\u0105cej 6 % dochodu.<\/p>\n<p>Do sumy tej nie wlicza si\u0119 darowizn na cele charytatywno \u2013 opieku\u0144cze ko\u015bcio\u0142a. Decyduj\u0105cym b\u0119dzie zatem cel przekazanej darowizny. Odr\u0119bnie traktujemy przelewy na Ko\u015bci\u00f3\u0142 \u2013 na cele kultu religijnego, a odr\u0119bnie darowizny na cele charytatywno \u2013 opieku\u0144cze realizowane przez Ko\u015bci\u00f3\u0142. Tych drugich nie ujmuje si\u0119 w limicie 6% dochod\u00f3w. Do limitu nie wlicza si\u0119 r\u00f3wnie\u017c 1% podatku przekazanego na rzecz organizacji po\u017cytku publicznego.<br \/>\nDarowizna na cele charytatywno-opieku\u0144cze<\/p>\n<p>Innym rodzajem ulgi jest darowizna na ko\u015bci\u00f3\u0142, ale nie na cele kultu, lecz charytatywno-opieku\u0144cze ko\u015bcio\u0142\u00f3w. Darowizny dokonane na ko\u015bcieln\u0105 dzia\u0142alno\u015b\u0107 charytatywno-opieku\u0144cz\u0105 s\u0105 wy\u0142\u0105czone z podstawy opodatkowania darczy\u0144c\u00f3w podatkiem dochodowym i podatkiem wyr\u00f3wnawczym. Takie darowizny mog\u0105 by\u0107 odliczane w ca\u0142ej warto\u015bci, nawet do 100% osi\u0105gni\u0119tego dochodu.<br \/>\nA zatem: Przelew: \u201ena budow\u0119 ko\u015bcio\u0142a\u201d b\u0119dzie darowizn\u0105 na cele kultu religijnego \u2013 stosuje si\u0119 ograniczenie do 6% dochodu, przelew \u201ena utrzymanie ko\u015bcielnego o\u015brodka pomocy bezdomnym\u201d b\u0119dzie darowizn\u0105 na cele charytatywno-opieku\u0144cze ko\u015bcio\u0142a. Powy\u017cszego limitu nie stosuje si\u0119. Prawo odliczania kwot na cele charytatywno \u2013 opieku\u0144cze wynika nie z ustawy o podatku dochodowym, ale z art. 55 ust. 7 ustawy z dnia 17.05.1989 r. o stosunku Pa\u0144stwa do Ko\u015bcio\u0142a Katolickiego w Rzeczypospolitej Polskiej (Dz. U. 1989, nr 29, poz. 154 ze zm.) Wymagane dokumenty Podatnik dokonuj\u0105cy darowizny na cele kultu religijnego ma obowi\u0105zek wykaza\u0107 darowizn\u0119 w deklaracji podatkowej wskazuj\u0105c: \u2022 warto\u015b\u0107 darowizny,<br \/>\n\u2022 warto\u015b\u0107 odliczenia oraz<br \/>\n\u2022 dane identyfikuj\u0105ce obdarowanego, w szczeg\u00f3lno\u015bci jego nazw\u0119 i adres.<br \/>\nPowy\u017csze dane wpisujemy do za\u0142\u0105cznika \u2013 PIT\/O \u2013 w cz\u0119\u015bci D.<br \/>\nDo deklaracji nie trzeba za\u0142\u0105cza\u0107 dowodu wp\u0142aty lub umowy darowizny ze wskazaniem warto\u015bci przekazanych nieodp\u0142atnie towar\u00f3w, udost\u0119pni\u0107 je nale\u017cy w przypadku wezwania ze strony Urz\u0119du Skarbowego. Natomiast darczy\u0144ca:<br \/>\n\u2022 przekazuj\u0105cy pieni\u0105dze \u2013 musi posiada\u0107 dow\u00f3d wp\u0142aty na rachunek bankowy obdarowanego,<br \/>\n\u2022 daruj\u0105cy inne rzeczy &#8211; musi posiada\u0107 dow\u00f3d, z kt\u00f3rego wynikaj\u0105 dane identyfikuj\u0105ce darczy\u0144c\u0119 (jego dane personalne i adresowe) oraz warto\u015b\u0107 przekazanej darowizny (zgodna z umow\u0105 darowizny, nie odbiegaj\u0105ca od warto\u015bci rynkowej), tak\u017ce o\u015bwiadczenie obdarowanego o przyj\u0119ciu darowizny (uczyniona w formie pisemnej z podpisem reprezentanta Ko\u015bcio\u0142a) &#8211; w przypadku darowizny innej ni\u017c pieni\u0119\u017cna.<\/p>\n<p>Wszystkie dane powinny wynika\u0107 z jednego dowodu. Nie stosuje si\u0119 zatem odr\u0119bnie umowy darowizny i odr\u0119bnie o\u015bwiadczenia o jej przyj\u0119ciu.<br \/>\nZapis ustawy brzmi, \u017ce dane powinny by\u0107 wykazane w jednym dowodzie a nie w kilku. Warto zatem zadba\u0107, by o\u015bwiadczenie obdarowanego znalaz\u0142o si\u0119 na tym samym dokumencie, z kt\u00f3rego wynika warto\u015b\u0107 przekazanej darowizny.<br \/>\nW przypadku darowizn na dzia\u0142alno\u015b\u0107 charytatywno-opieku\u0144cz\u0105 Ko\u015bcio\u0142a Katolickiego kwota r\u00f3wna darowi\u017anie jest zwolniona z opodatkowania u darczy\u0144cy, je\u017celi ko\u015bcielna osoba prawna przedstawi darczy\u0144cy pokwitowanie odbioru oraz &#8211; w okresie dw\u00f3ch lat od dnia przekazania darowizny &#8211; sprawozdanie o przeznaczeniu jej na t\u0119 dzia\u0142alno\u015b\u0107. Poza tymi dwoma dokumentami darczy\u0144ca musi mie\u0107 dokument potwierdzaj\u0105ce uczynienie darowizny &#8211; korzystaj\u0105cy z<br \/>\n\u2022 daruj\u0105cy pieni\u0105dze \u2013 musi posiada\u0107 dow\u00f3d wp\u0142aty na rachunek bankowy obdarowanego,<br \/>\n\u2022 daruj\u0105cy inne rzeczy &#8211; musi posiada\u0107 dow\u00f3d, z kt\u00f3rego wynikaj\u0105 dane identyfikuj\u0105ce darczy\u0144c\u0119 (jego dane personalne i adresowe) oraz warto\u015b\u0107 przekazanej darowizny (zgodna z umow\u0105 darowizny, nie odbiegaj\u0105ca od warto\u015bci rynkowej), a tak\u017ce o\u015bwiadczenie obdarowanego o przyj\u0119ciu darowizny (warto by by\u0142a ona uczyniona w formie pisemnej z podpisem reprezentanta Ko\u015bcio\u0142a, kt\u00f3ry po\u015bwiadcza przyj\u0119cie darowizny) &#8211; w przypadku darowizny innej ni\u017c pieni\u0119\u017cna.<br \/>\nopieku\u0144cze, przy czym wa\u017cny jest zakres faktycznie wykonanych zada\u0144, podj\u0119tych czynno\u015bci itp.<br \/>\nOg\u00f3lne wskazanie celu, na jaki przeznaczono darowizn\u0119, przez podanie &#8211; na cele charytatywno-opieku\u0144cze &#8211; nie spe\u0142nia wymog\u00f3w ustawy, gdy\u017c nie stanowi sprawozdania (por. wyrok NSA z dnia 29 pa\u017adziernika 2003 r., sygn. akt SA\/Bd 2181\/03).<\/p>\n<p>Piotr Szulczewski<br \/>\nAnalityk Bankier.pl Firma i Podatki<\/p>\n","protected":false},"excerpt":{"rendered":"<p>Drodzy Parafianie, Rada Parafialna w dn. 11.04.2016 zapozna\u0142a si\u0119 z potrzeb\u0105 przeprowadzenia pilnych prac w ko\u015bciele: a. naprawa schod\u00f3w przed wej\u015bciem i drzwi do g\u0142\u00f3wnego wej\u015bcia ko\u015bcio\u0142a oraz wybudowanie podjazdu dla w\u00f3zk\u00f3w dzieci\u0119cych i inwalidzkich, b. wymiana okien na ch\u00f3rze (brak wentylacji pomieszczenia na ch\u00f3rze), c. wykonanie instalacji wentylacyjno-grzewczej w ko\u015bciele, kt\u00f3ra pozwoli w lecie &hellip; <a href=\"http:\/\/zalesie.archidiecezja.wroc.pl\/?page_id=7\" class=\"more-link\">Continue reading <span class=\"screen-reader-text\">Prace<\/span><\/a><\/p>\n","protected":false},"author":1,"featured_media":0,"parent":0,"menu_order":0,"comment_status":"closed","ping_status":"closed","template":"","meta":[],"_links":{"self":[{"href":"http:\/\/zalesie.archidiecezja.wroc.pl\/index.php?rest_route=\/wp\/v2\/pages\/7"}],"collection":[{"href":"http:\/\/zalesie.archidiecezja.wroc.pl\/index.php?rest_route=\/wp\/v2\/pages"}],"about":[{"href":"http:\/\/zalesie.archidiecezja.wroc.pl\/index.php?rest_route=\/wp\/v2\/types\/page"}],"author":[{"embeddable":true,"href":"http:\/\/zalesie.archidiecezja.wroc.pl\/index.php?rest_route=\/wp\/v2\/users\/1"}],"replies":[{"embeddable":true,"href":"http:\/\/zalesie.archidiecezja.wroc.pl\/index.php?rest_route=%2Fwp%2Fv2%2Fcomments&post=7"}],"version-history":[{"count":13,"href":"http:\/\/zalesie.archidiecezja.wroc.pl\/index.php?rest_route=\/wp\/v2\/pages\/7\/revisions"}],"predecessor-version":[{"id":1078,"href":"http:\/\/zalesie.archidiecezja.wroc.pl\/index.php?rest_route=\/wp\/v2\/pages\/7\/revisions\/1078"}],"wp:attachment":[{"href":"http:\/\/zalesie.archidiecezja.wroc.pl\/index.php?rest_route=%2Fwp%2Fv2%2Fmedia&parent=7"}],"curies":[{"name":"wp","href":"https:\/\/api.w.org\/{rel}","templated":true}]}}